{"id":2592,"date":"2020-09-10T23:49:52","date_gmt":"2020-09-10T20:49:52","guid":{"rendered":"http:\/\/central-ilusalong.ee\/?page_id=2592\/"},"modified":"2025-06-30T22:37:18","modified_gmt":"2025-06-30T19:37:18","slug":"academie-scientifique-de-beaute-kasvohoidot","status":"publish","type":"page","link":"https:\/\/central-ilusalong.ee\/fi\/palvelut-ja-hinnasto\/academie-scientifique-de-beaute-kasvohoidot\/","title":{"rendered":"Acad\u00e9mie Scientifique de Beaut\u00e9 kasvohoidot"},"content":{"rendered":"<p>[vc_row css=&#8221;.vc_custom_1490094702030{padding-top: 90px !important;}&#8221;][vc_column][vc_column_text]<\/p>\n<h1>\u00a0Acad\u00e9mie Scientifique de Beaut\u00e9<\/h1>\n<p>[\/vc_column_text][vc_empty_space height=&#8221;60px&#8221;][\/vc_column][\/vc_row][vc_row][vc_column offset=&#8221;vc_col-lg-offset-2 vc_col-lg-8 vc_col-md-offset-2 vc_col-md-9&#8243;][vc_row_inner][vc_column_inner width=&#8221;1\/2&#8243;][vc_single_image image=&#8221;2309&#8243; img_size=&#8221;large&#8221;][\/vc_column_inner][vc_column_inner width=&#8221;1\/2&#8243;][vc_single_image image=&#8221;2308&#8243; img_size=&#8221;large&#8221;][\/vc_column_inner][\/vc_row_inner][vc_column_text]Maison Acad\u00e9mie Scientifique de Beaut\u00e9n perusti vuonna 1890 tohtori Alexander Lamotte. Yritys on jakanut kokemuksia kauneuden alalla yli sata vuotta ja on voittanut vuosien mittaan korkeita palkintoja.<br \/>\nVuonna 1926 tuotemerkin luojan poika Georges Gay otti yrityksen tapauksen haltuunsa. Yhti\u00f6 on s\u00e4ilytt\u00e4nyt perinteens\u00e4 ja v\u00e4litt\u00e4nyt pitk\u00e4aikaista huippuosaamistaan \u200b\u200bsukupolvelta toiselle.<\/p>\n<p>Acad\u00e9mie-tuotelinjan edut:<br \/>\n<img loading=\"lazy\" decoding=\"async\" class=\"img\" src=\"https:\/\/static.xx.fbcdn.net\/images\/emoji.php\/v9\/ff9\/1\/16\/1f48e.png\" alt=\"\" width=\"16\" height=\"16\" \/>128 vuoden tieteellinen kokemus kauneuden alalla<br \/>\n<img loading=\"lazy\" decoding=\"async\" class=\"img\" src=\"https:\/\/static.xx.fbcdn.net\/images\/emoji.php\/v9\/ff9\/1\/16\/1f48e.png\" alt=\"\" width=\"16\" height=\"16\" \/>800 ainesosaa eri resepteiss\u00e4<br \/>\n<img loading=\"lazy\" decoding=\"async\" class=\"img\" src=\"https:\/\/static.xx.fbcdn.net\/images\/emoji.php\/v9\/ff9\/1\/16\/1f48e.png\" alt=\"\" width=\"16\" height=\"16\" \/>Keskim\u00e4\u00e4rin 30 erilaista raaka-ainetta yhdess\u00e4 tuotteessa<br \/>\n<img loading=\"lazy\" decoding=\"async\" class=\"img\" src=\"https:\/\/static.xx.fbcdn.net\/images\/emoji.php\/v9\/ff9\/1\/16\/1f48e.png\" alt=\"\" width=\"16\" height=\"16\" \/>V\u00e4hint\u00e4\u00e4n 18 kuukautta uuden tuotteen kehitt\u00e4miseen<br \/>\n<img loading=\"lazy\" decoding=\"async\" class=\"img\" src=\"https:\/\/static.xx.fbcdn.net\/images\/emoji.php\/v9\/ff9\/1\/16\/1f48e.png\" alt=\"\" width=\"16\" height=\"16\" \/>150 testi\u00e4 suoritetaan vuosittain<br \/>\n<img loading=\"lazy\" decoding=\"async\" class=\"img\" src=\"https:\/\/static.xx.fbcdn.net\/images\/emoji.php\/v9\/ff9\/1\/16\/1f48e.png\" alt=\"\" width=\"16\" height=\"16\" \/>Ihonhoitomenetelm\u00e4t perustuvat ihotyyppiin ja iho-ongelmiin<br \/>\n<img loading=\"lazy\" decoding=\"async\" class=\"img\" src=\"https:\/\/static.xx.fbcdn.net\/images\/emoji.php\/v9\/ff9\/1\/16\/1f48e.png\" alt=\"\" width=\"16\" height=\"16\" \/>Tuotteita on saatavana vain kauneushoitoloissa<\/p>\n<p>&nbsp;<\/p>\n<p>&nbsp;[\/vc_column_text]\n\t<div class=\"sub-item-service\">\n        <div class=\"c1\">Soin modelant - mallinnuskuminaamion kasvohoito 60 min<\/div>\n        <div class=\"c2\"><\/div>\n        <div class=\"c3\">60 \u20ac<\/div>\n    <\/div>\n\n\n\t<div class=\"sub-item-service\">\n        <div class=\"c1\">Soin Nutrition Optimal - optimaalisesti ravitseva hoito 1h 15min<\/div>\n        <div class=\"c2\"><\/div>\n        <div class=\"c3\">60 \u20ac<\/div>\n    <\/div>\n\n\n\t<div class=\"sub-item-service\">\n        <div class=\"c1\">Soin Hydratation Optimale - kosteuttava tehohoito hoito 60min<\/div>\n        <div class=\"c2\"><\/div>\n        <div class=\"c3\">60 \u20ac<\/div>\n    <\/div>\n\n\n\t<div class=\"sub-item-service\">\n        <div class=\"c1\">Soin D\u00e9sincrustant Pur\u00e8te - syv\u00e4puhdistava erikoishoito 60min<\/div>\n        <div class=\"c2\"><\/div>\n        <div class=\"c3\">60 \u20ac<\/div>\n    <\/div>\n\n\n\t<div class=\"sub-item-service\">\n        <div class=\"c1\">Soin desinsebilisant anti-rougeurs - punoitusta v\u00e4hent\u00e4v\u00e4 hoito 1h 15min<\/div>\n        <div class=\"c2\"><\/div>\n        <div class=\"c3\">70 \u20ac<\/div>\n    <\/div>\n\n\n\t<div class=\"sub-item-service\">\n        <div class=\"c1\">Soin au Collagene - kollageenihoito 1h 15min<\/div>\n        <div class=\"c2\"><\/div>\n        <div class=\"c3\">60 \u20ac<\/div>\n    <\/div>\n\n\n\t<div class=\"sub-item-service\">\n        <div class=\"c1\">Soin cont.des yeux``antirides,Hydratant`` - silmien hoito, ravitseva-kosteuttava 30min<\/div>\n        <div class=\"c2\"><\/div>\n        <div class=\"c3\">29 \u20ac<\/div>\n    <\/div>\n\n\n\t<div class=\"sub-item-service\">\n        <div class=\"c1\">Absolut Pro-Age treatment - anti-aging hoito 1h 30min<\/div>\n        <div class=\"c2\"><\/div>\n        <div class=\"c3\">65 \u20ac<\/div>\n    <\/div>\n\n[\/vc_column][\/vc_row][vc_row css=&#8221;.vc_custom_1490094728374{padding-bottom: 90px !important;}&#8221;][vc_column][\/vc_column][\/vc_row][vc_row][vc_column][vc_column_text][\/vc_column_text][\/vc_column][\/vc_row][vc_row][vc_column][vc_column_text]<\/p>\n<div id=\"blockColorblindContent\"><\/div>\n<div id=\"blockColorblindContent\"><\/div>\n<p>[\/vc_column_text][\/vc_column][\/vc_row]<\/p>\n\n<div style=\"display: block !important; margin:0 !important; padding: 0 !important\" id=\"wpp_popup_post_end_element\"><\/div>","protected":false},"excerpt":{"rendered":"<p>[vc_row css=&#8221;.vc_custom_1490094702030{padding-top: 90px !important;}&#8221;][vc_column][vc_column_text] \u00a0Acad\u00e9mie Scientifique de Beaut\u00e9 [\/vc_column_text][vc_empty_space height=&#8221;60px&#8221;][\/vc_column][\/vc_row][vc_row][vc_column offset=&#8221;vc_col-lg-offset-2 vc_col-lg-8 vc_col-md-offset-2 vc_col-md-9&#8243;][vc_row_inner][vc_column_inner width=&#8221;1\/2&#8243;][vc_single_image image=&#8221;2309&#8243; img_size=&#8221;large&#8221;][\/vc_column_inner][vc_column_inner width=&#8221;1\/2&#8243;][vc_single_image image=&#8221;2308&#8243; img_size=&#8221;large&#8221;][\/vc_column_inner][\/vc_row_inner][vc_column_text]Maison Acad\u00e9mie Scientifique de Beaut\u00e9n perusti vuonna 1890 tohtori Alexander Lamotte. Yritys on jakanut kokemuksia kauneuden alalla yli sata vuotta ja on voittanut vuosien mittaan korkeita palkintoja. Vuonna 1926 tuotemerkin luojan poika Georges Gay otti yrityksen [&hellip;]<\/p>\n","protected":false},"author":2,"featured_media":0,"parent":1639,"menu_order":0,"comment_status":"closed","ping_status":"closed","template":"page-templates\/template-fullwidth.php","meta":{"footnotes":""},"class_list":["post-2592","page","type-page","status-publish","hentry"],"_links":{"self":[{"href":"https:\/\/central-ilusalong.ee\/fi\/wp-json\/wp\/v2\/pages\/2592","targetHints":{"allow":["GET"]}}],"collection":[{"href":"https:\/\/central-ilusalong.ee\/fi\/wp-json\/wp\/v2\/pages"}],"about":[{"href":"https:\/\/central-ilusalong.ee\/fi\/wp-json\/wp\/v2\/types\/page"}],"author":[{"embeddable":true,"href":"https:\/\/central-ilusalong.ee\/fi\/wp-json\/wp\/v2\/users\/2"}],"replies":[{"embeddable":true,"href":"https:\/\/central-ilusalong.ee\/fi\/wp-json\/wp\/v2\/comments?post=2592"}],"version-history":[{"count":5,"href":"https:\/\/central-ilusalong.ee\/fi\/wp-json\/wp\/v2\/pages\/2592\/revisions"}],"predecessor-version":[{"id":3228,"href":"https:\/\/central-ilusalong.ee\/fi\/wp-json\/wp\/v2\/pages\/2592\/revisions\/3228"}],"up":[{"embeddable":true,"href":"https:\/\/central-ilusalong.ee\/fi\/wp-json\/wp\/v2\/pages\/1639"}],"wp:attachment":[{"href":"https:\/\/central-ilusalong.ee\/fi\/wp-json\/wp\/v2\/media?parent=2592"}],"curies":[{"name":"wp","href":"https:\/\/api.w.org\/{rel}","templated":true}]}}