{"id":2561,"date":"2020-09-06T23:39:41","date_gmt":"2020-09-06T20:39:41","guid":{"rendered":"http:\/\/central-ilusalong.ee\/palvelut-ja-hinnasto\/soskin-paris-prantsusmaa\/"},"modified":"2020-09-10T23:41:20","modified_gmt":"2020-09-10T20:41:20","slug":"soskin-paris-ranska","status":"publish","type":"page","link":"https:\/\/central-ilusalong.ee\/fi\/palvelut-ja-hinnasto\/soskin-paris-ranska\/","title":{"rendered":"Soskin Paris (Ranska)"},"content":{"rendered":"<p>[vc_row][vc_column][vc_column_text css=&#8221;.vc_custom_1599770476728{padding-top: 60px !important;}&#8221;]<\/p>\n<h1>Soskin Paris (Ranska)<\/h1>\n<div id=\"blockColorblindContent\"><\/div>\n<p>[\/vc_column_text][vc_empty_space height=&#8221;60px&#8221;][\/vc_column][\/vc_row][vc_row][vc_column offset=&#8221;vc_col-lg-offset-2 vc_col-lg-8 vc_col-md-offset-2 vc_col-md-9&#8243;][vc_column_text]Luonnollinen, ymp\u00e4rist\u00f6yst\u00e4v\u00e4llinen ja turvallinen ranskalainen kosmetiikka. Vuonna 1988 perustettu se on ensiluokkainen tuotemerkki, joka tarjoaa t\u00e4ydellisen valikoiman kosmetologeille.<br \/>\nKoko kosmetiikkavalikoima keskittyy ihon terveyteen sis\u00e4lt\u00e4p\u00e4in. Vaikuttavien aineiden suurin pitoisuus ja hy\u00f6tyosuus puhtaassa ja muuttumattomassa muodossa.<br \/>\nKaikille ihotyypeille kehitetyt ainutlaatuiset kuorinnat ja protokollat \u200b\u200bovat vertaansa vailla Ranskassa.<br \/>\nSoskin Paris -instituutti on investoinut voimakkaasti kliiniseen tutkimukseen ja ammattikosmetiikan kehitt\u00e4miseen keskittyen l\u00e4\u00e4ketieteelliseen l\u00e4hestymistapaan samalla, kun se on ottanut k\u00e4ytt\u00f6\u00f6n eritt\u00e4in tehokkaita edistyneit\u00e4 kaavoja. Perinteisen kosmetiikan toiminta perustuu aktiivisten ainesosien passiiviseen hitaaseen ihon tunkeutumismekanismiin.<br \/>\nTuotemerkkikonsepti:<br \/>\n1. K\u00e4ynnist\u00e4 uudelleen<br \/>\n2. Paranna<br \/>\n3. Aktivoi<\/p>\n<div id=\"blockColorblindContent\"><\/div>\n<p>[\/vc_column_text][vc_empty_space height=&#8221;60px&#8221;]\t\n\t<div class=\"text-left \">\n\t\t<h1>Laaja valikoima hoitoja kaikille ihotyypeille<\/h1>\n\t    \t<\/div>\n\n[vc_empty_space]\n\t<div class=\"sub-item-service\">\n        <div class=\"c1\">Kiireellist\u00e4 hoitoa<\/div>\n        <div class=\"c2\"><\/div>\n        <div class=\"c3\">35\u20ac<\/div>\n    <\/div>\n\n\n\t<div class=\"sub-item-service\">\n        <div class=\"c1\">Kasvojen puhdistus<\/div>\n        <div class=\"c2\"><\/div>\n        <div class=\"c3\">40\u20ac<\/div>\n    <\/div>\n\n\n\t<div class=\"sub-item-service\">\n        <div class=\"c1\">Absoluuttinen anti-aging hoito kollageenilevyll\u00e4<\/div>\n        <div class=\"c2\"><\/div>\n        <div class=\"c3\">55\u20ac<\/div>\n    <\/div>\n\n\n\t<div class=\"sub-item-service\">\n        <div class=\"c1\">Huolto mallinnetaan<\/div>\n        <div class=\"c2\"><\/div>\n        <div class=\"c3\">55\u20ac<\/div>\n    <\/div>\n\n\n\t<div class=\"sub-item-service\">\n        <div class=\"c1\">N-BTX 55-mikrokapseleihin perustuva ryppyjen korjaus ja ik\u00e4\u00e4ntymist\u00e4 est\u00e4v\u00e4 hoito<\/div>\n        <div class=\"c2\"><\/div>\n        <div class=\"c3\">55\u20ac<\/div>\n    <\/div>\n\n\n\t<div class=\"sub-item-service\">\n        <div class=\"c1\">Valoisa hoito<\/div>\n        <div class=\"c2\"><\/div>\n        <div class=\"c3\">50\u20ac<\/div>\n    <\/div>\n\n\n\t<div class=\"sub-item-service\">\n        <div class=\"c1\">Valokuvauksen ja hyperpigmentaation korjausohjelma<\/div>\n        <div class=\"c2\"><\/div>\n        <div class=\"c3\">50\u20ac<\/div>\n    <\/div>\n\n\n\t<div class=\"sub-item-service\">\n        <div class=\"c1\">Aknen monimutkaisen ongelmallisen ihon hoito<\/div>\n        <div class=\"c2\"><\/div>\n        <div class=\"c3\">55\u20ac<\/div>\n    <\/div>\n\n\n\t<div class=\"sub-item-service\">\n        <div class=\"c1\">Rasvainen ja yhdistelm\u00e4ihonhoito<\/div>\n        <div class=\"c2\"><\/div>\n        <div class=\"c3\">55\u20ac<\/div>\n    <\/div>\n\n\n\t<div class=\"sub-item-service\">\n        <div class=\"c1\">Intensiivinen kosteuttava hoito<\/div>\n        <div class=\"c2\"><\/div>\n        <div class=\"c3\">50\u20ac<\/div>\n    <\/div>\n\n\n\t<div class=\"sub-item-service\">\n        <div class=\"c1\">Herk\u00e4n ihon hoito<\/div>\n        <div class=\"c2\"><\/div>\n        <div class=\"c3\">50\u20ac<\/div>\n    <\/div>\n\n[vc_empty_space height=&#8221;60px&#8221;]\t\n\t<div class=\"text-left \">\n\t\t<h1>Soskin Paris kuorinta kaikkina vuodenaikoina<\/h1>\n\t    \t<\/div>\n\n[vc_empty_space]\n\t<div class=\"sub-item-service\">\n        <div class=\"c1\">``Puhdas iho`` - kuorinta \/ Pure Skin (akne, aknen j\u00e4lkeinen \u00f6ljy, suurentuneet huokoset)<\/div>\n        <div class=\"c2\"><\/div>\n        <div class=\"c3\">65\u20ac<\/div>\n    <\/div>\n\n\n\t<div class=\"sub-item-service\">\n        <div class=\"c1\">``Kirkkaan ihon`` kuorinta \/ Clear Skin (hyperpigmentaation ja ryppyjen korjaus ja ehk\u00e4isy)<\/div>\n        <div class=\"c2\"><\/div>\n        <div class=\"c3\">65\u20ac<\/div>\n    <\/div>\n\n\n\t<div class=\"sub-item-service\">\n        <div class=\"c1\">``Uuden ihon`` kuorinta \/ New Skin (tilavuuden ja joustavuuden lasku, himme\u00e4 iho ilman s\u00e4teily\u00e4, ryppyj\u00e4)<\/div>\n        <div class=\"c2\"><\/div>\n        <div class=\"c3\">65\u20ac<\/div>\n    <\/div>\n\n[vc_empty_space height=&#8221;60px&#8221;][\/vc_column][\/vc_row][vc_row][vc_column][vc_column_text]<\/p>\n<div id=\"blockColorblindContent\"><\/div>\n<p>[\/vc_column_text][\/vc_column][\/vc_row][vc_row][vc_column][vc_column_text]<\/p>\n<div id=\"blockColorblindContent\"><\/div>\n<p>[\/vc_column_text][\/vc_column][\/vc_row]<\/p>\n\n<div style=\"display: block !important; margin:0 !important; padding: 0 !important\" id=\"wpp_popup_post_end_element\"><\/div>","protected":false},"excerpt":{"rendered":"<p>[vc_row][vc_column][vc_column_text css=&#8221;.vc_custom_1599770476728{padding-top: 60px !important;}&#8221;] Soskin Paris (Ranska) [\/vc_column_text][vc_empty_space height=&#8221;60px&#8221;][\/vc_column][\/vc_row][vc_row][vc_column offset=&#8221;vc_col-lg-offset-2 vc_col-lg-8 vc_col-md-offset-2 vc_col-md-9&#8243;][vc_column_text]Luonnollinen, ymp\u00e4rist\u00f6yst\u00e4v\u00e4llinen ja turvallinen ranskalainen kosmetiikka. Vuonna 1988 perustettu se on ensiluokkainen tuotemerkki, joka tarjoaa t\u00e4ydellisen valikoiman kosmetologeille. Koko kosmetiikkavalikoima keskittyy ihon terveyteen sis\u00e4lt\u00e4p\u00e4in. Vaikuttavien aineiden suurin pitoisuus ja hy\u00f6tyosuus puhtaassa ja muuttumattomassa muodossa. Kaikille ihotyypeille kehitetyt ainutlaatuiset kuorinnat ja protokollat \u200b\u200bovat vertaansa [&hellip;]<\/p>\n","protected":false},"author":2,"featured_media":0,"parent":1639,"menu_order":0,"comment_status":"closed","ping_status":"closed","template":"page-templates\/template-fullwidth.php","meta":{"footnotes":""},"class_list":["post-2561","page","type-page","status-publish","hentry"],"_links":{"self":[{"href":"https:\/\/central-ilusalong.ee\/fi\/wp-json\/wp\/v2\/pages\/2561","targetHints":{"allow":["GET"]}}],"collection":[{"href":"https:\/\/central-ilusalong.ee\/fi\/wp-json\/wp\/v2\/pages"}],"about":[{"href":"https:\/\/central-ilusalong.ee\/fi\/wp-json\/wp\/v2\/types\/page"}],"author":[{"embeddable":true,"href":"https:\/\/central-ilusalong.ee\/fi\/wp-json\/wp\/v2\/users\/2"}],"replies":[{"embeddable":true,"href":"https:\/\/central-ilusalong.ee\/fi\/wp-json\/wp\/v2\/comments?post=2561"}],"version-history":[{"count":3,"href":"https:\/\/central-ilusalong.ee\/fi\/wp-json\/wp\/v2\/pages\/2561\/revisions"}],"predecessor-version":[{"id":2590,"href":"https:\/\/central-ilusalong.ee\/fi\/wp-json\/wp\/v2\/pages\/2561\/revisions\/2590"}],"up":[{"embeddable":true,"href":"https:\/\/central-ilusalong.ee\/fi\/wp-json\/wp\/v2\/pages\/1639"}],"wp:attachment":[{"href":"https:\/\/central-ilusalong.ee\/fi\/wp-json\/wp\/v2\/media?parent=2561"}],"curies":[{"name":"wp","href":"https:\/\/api.w.org\/{rel}","templated":true}]}}