{"id":1676,"date":"2017-03-31T11:56:18","date_gmt":"2017-03-31T08:56:18","guid":{"rendered":"http:\/\/central-ilusalong.ee.klient.veebimajutus.ee\/?page_id=1676\/"},"modified":"2025-06-30T22:23:51","modified_gmt":"2025-06-30T19:23:51","slug":"hiustenvarjays","status":"publish","type":"page","link":"https:\/\/central-ilusalong.ee\/fi\/palvelut-ja-hinnasto\/hiustenvarjays\/","title":{"rendered":"Hiustenv\u00e4rj\u00e4ys"},"content":{"rendered":"<p>[vc_row css=&#8221;.vc_custom_1490094702030{padding-top: 90px !important;}&#8221;][vc_column][vc_column_text]<\/p>\n<h1>HIUSTENV\u00c4RJ\u00c4YS<\/h1>\n<p>[\/vc_column_text][vc_empty_space height=&#8221;60px&#8221;][\/vc_column][\/vc_row][vc_row][vc_column width=&#8221;1\/2&#8243;][vc_column_text]<\/p>\n<h3 style=\"padding-bottom: 20px; line-height: 25px;\">KAMPAAJAPALVELUT L&#8217;Or\u00e9al<\/h3>\n<p>[\/vc_column_text]\n\t<div class=\"sub-item-service\">\n        <div class=\"c1\">Juurten v\u00e4rj\u00e4ys + f\u00f6\u00f6nikampaus (tyvikasvua enint\u00e4\u00e4n 2 cm)<\/div>\n        <div class=\"c2\"><\/div>\n        <div class=\"c3\">65 \u20ac<\/div>\n    <\/div>\n\n[vc_column_text]<\/p>\n<h5 style=\"padding: 20px 0px; line-height: 25px;\">RAIDAT, LEIKKAUS JA F\u00d6\u00d6NIKAMPAUS<\/h5>\n<p>[\/vc_column_text]\n\t<div class=\"sub-item-service\">\n        <div class=\"c1\">Lyhyet hiukset<\/div>\n        <div class=\"c2\"><\/div>\n        <div class=\"c3\">75 \u20ac<\/div>\n    <\/div>\n\n\n\t<div class=\"sub-item-service\">\n        <div class=\"c1\">Puolipitk\u00e4t hiukset<\/div>\n        <div class=\"c2\"><\/div>\n        <div class=\"c3\">90 \u20ac<\/div>\n    <\/div>\n\n\n\t<div class=\"sub-item-service\">\n        <div class=\"c1\">Pitk\u00e4t hiukset<\/div>\n        <div class=\"c2\"><\/div>\n        <div class=\"c3\">110 \u20ac<\/div>\n    <\/div>\n\n[vc_column_text]<\/p>\n<h5 style=\"padding: 20px 0px; line-height: 25px;\">RAIDAT JA F\u00d6\u00d6NIKAMPAUS<\/h5>\n<p>[\/vc_column_text]\n\t<div class=\"sub-item-service\">\n        <div class=\"c1\">Lyhyet hiukset<\/div>\n        <div class=\"c2\"><\/div>\n        <div class=\"c3\">65 \u20ac<\/div>\n    <\/div>\n\n\n\t<div class=\"sub-item-service\">\n        <div class=\"c1\">Puolipitk\u00e4t hiukset<\/div>\n        <div class=\"c2\"><\/div>\n        <div class=\"c3\">80 \u20ac<\/div>\n    <\/div>\n\n\n\t<div class=\"sub-item-service\">\n        <div class=\"c1\">Pitk\u00e4t hiukset<\/div>\n        <div class=\"c2\"><\/div>\n        <div class=\"c3\">100 \u20ac<\/div>\n    <\/div>\n\n[\/vc_column][vc_column width=&#8221;1\/2&#8243;][vc_column_text]<\/p>\n<h5 style=\"padding-bottom: 20px; line-height: 25px;\">HIUSTEN V\u00c4RJ\u00c4YS JA F\u00d6\u00d6NIKAMPAUS<\/h5>\n<p>[\/vc_column_text]\n\t<div class=\"sub-item-service\">\n        <div class=\"c1\">Lyhyet hiukset<\/div>\n        <div class=\"c2\"><\/div>\n        <div class=\"c3\">70 \u20ac<\/div>\n    <\/div>\n\n\n\t<div class=\"sub-item-service\">\n        <div class=\"c1\">Puolipitk\u00e4t hiukset<\/div>\n        <div class=\"c2\"><\/div>\n        <div class=\"c3\">80 \u20ac<\/div>\n    <\/div>\n\n\n\t<div class=\"sub-item-service\">\n        <div class=\"c1\">Pitk\u00e4t hiukset<\/div>\n        <div class=\"c2\"><\/div>\n        <div class=\"c3\">100 \u20ac<\/div>\n    <\/div>\n\n[vc_column_text]<\/p>\n<h5 style=\"padding: 20px 0px; line-height: 25px;\">HIUSTEN V\u00c4RJ\u00c4YS, LEIKKAUS JA F\u00d6\u00d6NIKAMPAUS *<\/h5>\n<p>[\/vc_column_text]\n\t<div class=\"sub-item-service\">\n        <div class=\"c1\">Lyhyet hiukset<\/div>\n        <div class=\"c2\"><\/div>\n        <div class=\"c3\">75 \u20ac<\/div>\n    <\/div>\n\n\n\t<div class=\"sub-item-service\">\n        <div class=\"c1\">Puolipitk\u00e4t hiukset<\/div>\n        <div class=\"c2\"><\/div>\n        <div class=\"c3\">90 \u20ac<\/div>\n    <\/div>\n\n\n\t<div class=\"sub-item-service\">\n        <div class=\"c1\">Pitk\u00e4t hiukset<\/div>\n        <div class=\"c2\"><\/div>\n        <div class=\"c3\">120 \u20ac<\/div>\n    <\/div>\n\n[vc_column_text]<\/p>\n<h5 style=\"padding: 20px 0px; line-height: 25px;\">HIUSTEN V\u00c4RJ\u00c4YS, RAIDAT, LEIKKAUS JA F\u00d6\u00d6NIKAMPAUS *<\/h5>\n<p>[\/vc_column_text]\n\t<div class=\"sub-item-service\">\n        <div class=\"c1\">Lyhyet hiukset<\/div>\n        <div class=\"c2\"><\/div>\n        <div class=\"c3\">80 \u20ac<\/div>\n    <\/div>\n\n\n\t<div class=\"sub-item-service\">\n        <div class=\"c1\">Puolipitk\u00e4t hiukset<\/div>\n        <div class=\"c2\"><\/div>\n        <div class=\"c3\">95 \u20ac<\/div>\n    <\/div>\n\n\n\t<div class=\"sub-item-service\">\n        <div class=\"c1\">Pitk\u00e4t hiukset<\/div>\n        <div class=\"c2\"><\/div>\n        <div class=\"c3\">105 \u20ac<\/div>\n    <\/div>\n\n[vc_column_text]<\/p>\n<h3 style=\"padding: 20px 0px; line-height: 25px;\">KAMPAAJAPALVELUT INOA<\/h3>\n<p>[\/vc_column_text]\n\t<div class=\"sub-item-service\">\n        <div class=\"c1\">Juurten v\u00e4rj\u00e4ys + f\u00f6\u00f6nikampaus (tyvikasvua enint\u00e4\u00e4n 2 cm)<\/div>\n        <div class=\"c2\"><\/div>\n        <div class=\"c3\">70 \u20ac<\/div>\n    <\/div>\n\n\n\t<div class=\"sub-item-service\">\n        <div class=\"c1\">Juurten v\u00e4rj\u00e4ys, leikkaus ja f\u00f6\u00f6nikampaus<\/div>\n        <div class=\"c2\"><\/div>\n        <div class=\"c3\">80 \u20ac<\/div>\n    <\/div>\n\n[vc_column_text]<\/p>\n<h5 style=\"padding: 20px 0px; line-height: 25px;\">JUURTEN V\u00c4RJ\u00c4YS, LEIKKAUS JA F\u00d6\u00d6NIKAMPAUS INOA *<\/h5>\n<p>[\/vc_column_text]\n\t<div class=\"sub-item-service\">\n        <div class=\"c1\">Lyhyet hiukset<\/div>\n        <div class=\"c2\"><\/div>\n        <div class=\"c3\">80 \u20ac<\/div>\n    <\/div>\n\n\n\t<div class=\"sub-item-service\">\n        <div class=\"c1\">Puolipitk\u00e4t hiukset<\/div>\n        <div class=\"c2\"><\/div>\n        <div class=\"c3\">95 \u20ac<\/div>\n    <\/div>\n\n\n\t<div class=\"sub-item-service\">\n        <div class=\"c1\">Pitk\u00e4t hiukset<\/div>\n        <div class=\"c2\"><\/div>\n        <div class=\"c3\">125 \u20ac<\/div>\n    <\/div>\n\n\n\t<div class=\"sub-item-service\">\n        <div class=\"c1\">Ylipitk\u00e4t hiukset<\/div>\n        <div class=\"c2\"><\/div>\n        <div class=\"c3\">140 \u20ac<\/div>\n    <\/div>\n\n[\/vc_column][\/vc_row][vc_row css=&#8221;.vc_custom_1490094728374{padding-bottom: 90px !important;}&#8221;][vc_column][vc_column_text]* Hinta riippuu ainekustannukset.[\/vc_column_text][\/vc_column][\/vc_row]<\/p>\n\n<div style=\"display: block !important; margin:0 !important; padding: 0 !important\" id=\"wpp_popup_post_end_element\"><\/div>","protected":false},"excerpt":{"rendered":"<p>[vc_row css=&#8221;.vc_custom_1490094702030{padding-top: 90px !important;}&#8221;][vc_column][vc_column_text] HIUSTENV\u00c4RJ\u00c4YS [\/vc_column_text][vc_empty_space height=&#8221;60px&#8221;][\/vc_column][\/vc_row][vc_row][vc_column width=&#8221;1\/2&#8243;][vc_column_text] KAMPAAJAPALVELUT L&#8217;Or\u00e9al [\/vc_column_text][vc_column_text] RAIDAT, LEIKKAUS JA F\u00d6\u00d6NIKAMPAUS [\/vc_column_text][vc_column_text] RAIDAT JA F\u00d6\u00d6NIKAMPAUS [\/vc_column_text][\/vc_column][vc_column width=&#8221;1\/2&#8243;][vc_column_text] HIUSTEN V\u00c4RJ\u00c4YS JA F\u00d6\u00d6NIKAMPAUS [\/vc_column_text][vc_column_text] HIUSTEN V\u00c4RJ\u00c4YS, LEIKKAUS JA F\u00d6\u00d6NIKAMPAUS * [\/vc_column_text][vc_column_text] HIUSTEN V\u00c4RJ\u00c4YS, RAIDAT, LEIKKAUS JA F\u00d6\u00d6NIKAMPAUS * [\/vc_column_text][vc_column_text] KAMPAAJAPALVELUT INOA [\/vc_column_text][vc_column_text] JUURTEN V\u00c4RJ\u00c4YS, LEIKKAUS JA F\u00d6\u00d6NIKAMPAUS INOA * [\/vc_column_text][\/vc_column][\/vc_row][vc_row css=&#8221;.vc_custom_1490094728374{padding-bottom: 90px !important;}&#8221;][vc_column][vc_column_text]* [&hellip;]<\/p>\n","protected":false},"author":1,"featured_media":0,"parent":1639,"menu_order":0,"comment_status":"closed","ping_status":"closed","template":"page-templates\/template-fullwidth.php","meta":{"footnotes":""},"class_list":["post-1676","page","type-page","status-publish","hentry"],"_links":{"self":[{"href":"https:\/\/central-ilusalong.ee\/fi\/wp-json\/wp\/v2\/pages\/1676","targetHints":{"allow":["GET"]}}],"collection":[{"href":"https:\/\/central-ilusalong.ee\/fi\/wp-json\/wp\/v2\/pages"}],"about":[{"href":"https:\/\/central-ilusalong.ee\/fi\/wp-json\/wp\/v2\/types\/page"}],"author":[{"embeddable":true,"href":"https:\/\/central-ilusalong.ee\/fi\/wp-json\/wp\/v2\/users\/1"}],"replies":[{"embeddable":true,"href":"https:\/\/central-ilusalong.ee\/fi\/wp-json\/wp\/v2\/comments?post=1676"}],"version-history":[{"count":5,"href":"https:\/\/central-ilusalong.ee\/fi\/wp-json\/wp\/v2\/pages\/1676\/revisions"}],"predecessor-version":[{"id":3219,"href":"https:\/\/central-ilusalong.ee\/fi\/wp-json\/wp\/v2\/pages\/1676\/revisions\/3219"}],"up":[{"embeddable":true,"href":"https:\/\/central-ilusalong.ee\/fi\/wp-json\/wp\/v2\/pages\/1639"}],"wp:attachment":[{"href":"https:\/\/central-ilusalong.ee\/fi\/wp-json\/wp\/v2\/media?parent=1676"}],"curies":[{"name":"wp","href":"https:\/\/api.w.org\/{rel}","templated":true}]}}