{"id":1664,"date":"2017-03-31T11:22:37","date_gmt":"2017-03-31T08:22:37","guid":{"rendered":"http:\/\/central-ilusalong.ee.klient.veebimajutus.ee\/?page_id=1664\/"},"modified":"2025-06-30T22:31:29","modified_gmt":"2025-06-30T19:31:29","slug":"anesi-kasvohoidot","status":"publish","type":"page","link":"https:\/\/central-ilusalong.ee\/fi\/palvelut-ja-hinnasto\/anesi-kasvohoidot\/","title":{"rendered":"ANESI kasvohoidot"},"content":{"rendered":"<p>[vc_row css=&#8221;.vc_custom_1490094702030{padding-top: 90px !important;}&#8221;][vc_column][vc_column_text]<\/p>\n<h1>ANESI KASVOHOIDOT<\/h1>\n<p>[\/vc_column_text][vc_empty_space height=&#8221;60px&#8221;][\/vc_column][\/vc_row][vc_row][vc_column offset=&#8221;vc_col-lg-offset-2 vc_col-lg-8 vc_col-md-offset-2 vc_col-md-8&#8243;]\n\t<div class=\"sub-item-service\">\n        <div class=\"c1\">Aqua vital syv\u00e4kosteuttava kasvohoito (Ultra\u00e4\u00e4nipuhdistus) 90 min<\/div>\n        <div class=\"c2\"><\/div>\n        <div class=\"c3\">55 \u20ac<\/div>\n    <\/div>\n\n\n\t<div class=\"sub-item-service\">\n        <div class=\"c1\">Aqua vital syv\u00e4kosteuttava sel\u00e4n puhdistus (Ultra\u00e4\u00e4nipuhdistus) 90 min<\/div>\n        <div class=\"c2\"><\/div>\n        <div class=\"c3\">55 \u20ac<\/div>\n    <\/div>\n\n[\/vc_column][\/vc_row][vc_row css=&#8221;.vc_custom_1490094728374{padding-bottom: 90px !important;}&#8221;][vc_column][\/vc_column][\/vc_row]<\/p>\n\n<div style=\"display: block !important; margin:0 !important; padding: 0 !important\" id=\"wpp_popup_post_end_element\"><\/div>","protected":false},"excerpt":{"rendered":"<p>[vc_row css=&#8221;.vc_custom_1490094702030{padding-top: 90px !important;}&#8221;][vc_column][vc_column_text] ANESI KASVOHOIDOT [\/vc_column_text][vc_empty_space height=&#8221;60px&#8221;][\/vc_column][\/vc_row][vc_row][vc_column offset=&#8221;vc_col-lg-offset-2 vc_col-lg-8 vc_col-md-offset-2 vc_col-md-8&#8243;][\/vc_column][\/vc_row][vc_row css=&#8221;.vc_custom_1490094728374{padding-bottom: 90px !important;}&#8221;][vc_column][\/vc_column][\/vc_row]<\/p>\n","protected":false},"author":1,"featured_media":0,"parent":1639,"menu_order":0,"comment_status":"closed","ping_status":"closed","template":"page-templates\/template-fullwidth.php","meta":{"footnotes":""},"class_list":["post-1664","page","type-page","status-publish","hentry"],"_links":{"self":[{"href":"https:\/\/central-ilusalong.ee\/fi\/wp-json\/wp\/v2\/pages\/1664","targetHints":{"allow":["GET"]}}],"collection":[{"href":"https:\/\/central-ilusalong.ee\/fi\/wp-json\/wp\/v2\/pages"}],"about":[{"href":"https:\/\/central-ilusalong.ee\/fi\/wp-json\/wp\/v2\/types\/page"}],"author":[{"embeddable":true,"href":"https:\/\/central-ilusalong.ee\/fi\/wp-json\/wp\/v2\/users\/1"}],"replies":[{"embeddable":true,"href":"https:\/\/central-ilusalong.ee\/fi\/wp-json\/wp\/v2\/comments?post=1664"}],"version-history":[{"count":4,"href":"https:\/\/central-ilusalong.ee\/fi\/wp-json\/wp\/v2\/pages\/1664\/revisions"}],"predecessor-version":[{"id":3225,"href":"https:\/\/central-ilusalong.ee\/fi\/wp-json\/wp\/v2\/pages\/1664\/revisions\/3225"}],"up":[{"embeddable":true,"href":"https:\/\/central-ilusalong.ee\/fi\/wp-json\/wp\/v2\/pages\/1639"}],"wp:attachment":[{"href":"https:\/\/central-ilusalong.ee\/fi\/wp-json\/wp\/v2\/media?parent=1664"}],"curies":[{"name":"wp","href":"https:\/\/api.w.org\/{rel}","templated":true}]}}