{"id":1658,"date":"2017-03-31T11:14:18","date_gmt":"2017-03-31T08:14:18","guid":{"rendered":"http:\/\/central-ilusalong.ee.klient.veebimajutus.ee\/?page_id=1658\/"},"modified":"2025-06-30T22:08:39","modified_gmt":"2025-06-30T19:08:39","slug":"depilaatio","status":"publish","type":"page","link":"https:\/\/central-ilusalong.ee\/fi\/palvelut-ja-hinnasto\/depilaatio\/","title":{"rendered":"Depilaatio"},"content":{"rendered":"<p>[vc_row css=&#8221;.vc_custom_1490094702030{padding-top: 90px !important;}&#8221;][vc_column][vc_column_text]<\/p>\n<h1>NAISTEN DEPILAATIO<\/h1>\n<p>[\/vc_column_text][vc_empty_space height=&#8221;60px&#8221;][\/vc_column][\/vc_row][vc_row][vc_column offset=&#8221;vc_col-lg-offset-3 vc_col-lg-6 vc_col-md-offset-3 vc_col-md-6&#8243;]\n\t<div class=\"sub-item-service\">\n        <div class=\"c1\">Jalat kogu pituudelta<\/div>\n        <div class=\"c2\"><\/div>\n        <div class=\"c3\">35 \u20ac<\/div>\n    <\/div>\n\n\n\t<div class=\"sub-item-service\">\n        <div class=\"c1\">Jalat<\/div>\n        <div class=\"c2\"><\/div>\n        <div class=\"c3\">20 \u20ac<\/div>\n    <\/div>\n\n\n\t<div class=\"sub-item-service\">\n        <div class=\"c1\">S\u00e4\u00e4ret<\/div>\n        <div class=\"c2\"><\/div>\n        <div class=\"c3\">20 \u20ac<\/div>\n    <\/div>\n\n\n\t<div class=\"sub-item-service\">\n        <div class=\"c1\">K\u00e4det<\/div>\n        <div class=\"c2\"><\/div>\n        <div class=\"c3\">17 \u20ac<\/div>\n    <\/div>\n\n\n\t<div class=\"sub-item-service\">\n        <div class=\"c1\">Kainalot<\/div>\n        <div class=\"c2\"><\/div>\n        <div class=\"c3\">12 \u20ac<\/div>\n    <\/div>\n\n\n\t<div class=\"sub-item-service\">\n        <div class=\"c1\">Bikinalue<\/div>\n        <div class=\"c2\"><\/div>\n        <div class=\"c3\">25 \u20ac<\/div>\n    <\/div>\n\n\n\t<div class=\"sub-item-service\">\n        <div class=\"c1\">Yl\u00e4huuli<\/div>\n        <div class=\"c2\"><\/div>\n        <div class=\"c3\">10 \u20ac<\/div>\n    <\/div>\n\n\n\t<div class=\"sub-item-service\">\n        <div class=\"c1\">Leuka<\/div>\n        <div class=\"c2\"><\/div>\n        <div class=\"c3\">10 \u20ac<\/div>\n    <\/div>\n\n\n\t<div class=\"sub-item-service\">\n        <div class=\"c1\">Brasilialainen vahaus<\/div>\n        <div class=\"c2\"><\/div>\n        <div class=\"c3\">40 \u20ac<\/div>\n    <\/div>\n\n\n\t<div class=\"sub-item-service\">\n        <div class=\"c1\">Yll\u00e4pit\u00e4v\u00e4 brasilialainen vahaus<\/div>\n        <div class=\"c2\"><\/div>\n        <div class=\"c3\">35 \u20ac<\/div>\n    <\/div>\n\n[\/vc_column][\/vc_row][vc_row css=&#8221;.vc_custom_1490094728374{padding-bottom: 90px !important;}&#8221;][vc_column][\/vc_column][\/vc_row]<\/p>\n\n<div style=\"display: block !important; margin:0 !important; padding: 0 !important\" id=\"wpp_popup_post_end_element\"><\/div>","protected":false},"excerpt":{"rendered":"<p>[vc_row css=&#8221;.vc_custom_1490094702030{padding-top: 90px !important;}&#8221;][vc_column][vc_column_text] NAISTEN DEPILAATIO [\/vc_column_text][vc_empty_space height=&#8221;60px&#8221;][\/vc_column][\/vc_row][vc_row][vc_column offset=&#8221;vc_col-lg-offset-3 vc_col-lg-6 vc_col-md-offset-3 vc_col-md-6&#8243;][\/vc_column][\/vc_row][vc_row css=&#8221;.vc_custom_1490094728374{padding-bottom: 90px !important;}&#8221;][vc_column][\/vc_column][\/vc_row]<\/p>\n","protected":false},"author":1,"featured_media":0,"parent":1639,"menu_order":0,"comment_status":"closed","ping_status":"closed","template":"page-templates\/template-fullwidth.php","meta":{"footnotes":""},"class_list":["post-1658","page","type-page","status-publish","hentry"],"_links":{"self":[{"href":"https:\/\/central-ilusalong.ee\/fi\/wp-json\/wp\/v2\/pages\/1658","targetHints":{"allow":["GET"]}}],"collection":[{"href":"https:\/\/central-ilusalong.ee\/fi\/wp-json\/wp\/v2\/pages"}],"about":[{"href":"https:\/\/central-ilusalong.ee\/fi\/wp-json\/wp\/v2\/types\/page"}],"author":[{"embeddable":true,"href":"https:\/\/central-ilusalong.ee\/fi\/wp-json\/wp\/v2\/users\/1"}],"replies":[{"embeddable":true,"href":"https:\/\/central-ilusalong.ee\/fi\/wp-json\/wp\/v2\/comments?post=1658"}],"version-history":[{"count":3,"href":"https:\/\/central-ilusalong.ee\/fi\/wp-json\/wp\/v2\/pages\/1658\/revisions"}],"predecessor-version":[{"id":3216,"href":"https:\/\/central-ilusalong.ee\/fi\/wp-json\/wp\/v2\/pages\/1658\/revisions\/3216"}],"up":[{"embeddable":true,"href":"https:\/\/central-ilusalong.ee\/fi\/wp-json\/wp\/v2\/pages\/1639"}],"wp:attachment":[{"href":"https:\/\/central-ilusalong.ee\/fi\/wp-json\/wp\/v2\/media?parent=1658"}],"curies":[{"name":"wp","href":"https:\/\/api.w.org\/{rel}","templated":true}]}}