{"id":1545,"date":"2016-09-13T10:20:07","date_gmt":"2016-09-13T10:20:07","guid":{"rendered":"http:\/\/central-ilusalong.ee.klient.veebimajutus.ee\/?page_id=1545\/"},"modified":"2020-07-30T15:55:39","modified_gmt":"2020-07-30T12:55:39","slug":"henkilokunta","status":"publish","type":"page","link":"https:\/\/central-ilusalong.ee\/fi\/henkilokunta\/","title":{"rendered":"Henkil\u00f6kunta"},"content":{"rendered":"<p>[vc_row css=&#8221;.vc_custom_1489587144655{padding-top: 90px !important;padding-bottom: 0px !important;}&#8221;][vc_column width=&#8221;1\/2&#8243;]\t\n\t<div class=\"team-member\">\n        <img decoding=\"async\" src=\"https:\/\/www.central-ilusalong.ee\/wp-content\/uploads\/2016\/09\/Tiina-Aster.jpg\" class=\"img-circle \" alt=\"\" \/>\n        <h3>Tiina Aster<\/h3>\n        <p><em>Kosmeettinen<\/em><\/p>\n<p>Palvelut: erilaiset kasvohoidot (Darphin, Anesi), manikyyri, pedikyyri, karvanpoisto<\/p>\n<p>P\u00e4ij\u00e4t-H\u00e4meen Ammattioppilaitos, kosmetologin tutkinto 1992-1994.<\/p>\n<div id=\"blockColorblindContent\"><\/div>\n<p><\/p>\n        <!-- <div class=\"social\">\n            <a href=\"\"><i class=\"fa fa-facebook fa-lg\"><\/i><\/a>            <a href=\"\"><i class=\"fa fa-twitter fa-lg\"><\/i><\/a>            <a href=\"\"><i class=\"fa fa-google-plus fa-lg\"><\/i><\/a>            <a href=\"\"><i class=\"fa fa-skype fa-lg\"><\/i><\/a>        <\/div> -->\n    <\/div>\n\n[\/vc_column][vc_column width=&#8221;1\/2&#8243;]\t\n\t<div class=\"team-member\">\n        <img decoding=\"async\" src=\"https:\/\/www.central-ilusalong.ee\/wp-content\/uploads\/2016\/09\/Margit-S\u00f5na.jpg\" class=\"img-circle \" alt=\"\" \/>\n        <h3>Margit S\u00f5na<\/h3>\n        <p><em>Kampaaja<\/em><\/p>\n<p>Eesti Esimene Kosmeetikute ja Juuksurite Erakool 1998<\/p>\n<div id=\"blockColorblindContent\"><\/div>\n<p><\/p>\n        <!-- <div class=\"social\">\n            <a href=\"\"><i class=\"fa fa-facebook fa-lg\"><\/i><\/a>            <a href=\"\"><i class=\"fa fa-twitter fa-lg\"><\/i><\/a>            <a href=\"\"><i class=\"fa fa-google-plus fa-lg\"><\/i><\/a>            <a href=\"\"><i class=\"fa fa-skype fa-lg\"><\/i><\/a>        <\/div> -->\n    <\/div>\n\n[\/vc_column][\/vc_row][vc_row css=&#8221;.vc_custom_1489587144655{padding-top: 90px !important;padding-bottom: 0px !important;}&#8221;][vc_column width=&#8221;1\/2&#8243;]\t\n\t<div class=\"team-member\">\n        <img decoding=\"async\" src=\"\" class=\"img-circle \" alt=\"\" \/>\n        <h3>Olga Bodnar<\/h3>\n        <p><em>Kampaaja<\/em><\/p>\n<p>Iluakadeemia, juuksuri eriala 2008<\/p>\n<p>Juuksurite erakool Maridel 2016<\/p>\n<div id=\"blockColorblindContent\"><\/div>\n<p><\/p>\n        <!-- <div class=\"social\">\n                                                        <\/div> -->\n    <\/div>\n\n[\/vc_column][vc_column width=&#8221;1\/2&#8243;]\t\n\t<div class=\"team-member\">\n        <img decoding=\"async\" src=\"\" class=\"img-circle \" alt=\"\" \/>\n        <h3>Natalia Perkal<\/h3>\n        <p><em>Manikuria, pedikuria<\/em><\/p>\n<p>Visioon ilukool 2003<\/p>\n<p>Gelish geellakk kursus 2016<\/p>\n<div id=\"blockColorblindContent\"><\/div>\n<p><\/p>\n        <!-- <div class=\"social\">\n                                                        <\/div> -->\n    <\/div>\n\n[\/vc_column][\/vc_row][vc_row 0=&#8221;&#8221;][vc_column 0=&#8221;&#8221; width=&#8221;1\/2&#8243;]\t\n\t<div class=\"team-member\">\n        <img decoding=\"async\" src=\"https:\/\/www.central-ilusalong.ee\/wp-content\/uploads\/2016\/09\/352A2059-1.jpg\" class=\"img-circle \" alt=\"\" \/>\n        <h3>Jelena Rastr\u00f5gina<\/h3>\n        <p><em>Kosmetologi-estetiikka, pysyv\u00e4 meikkimestari<\/em><\/p>\n<p>Iluakadeemia, kosmetiku eriala<\/p>\n<p>Permanent Artschool N.ARUT Moscow<\/p>\n<div id=\"blockColorblindContent\"><\/div>\n<p><\/p>\n        <!-- <div class=\"social\">\n                                                        <\/div> -->\n    <\/div>\n\n[\/vc_column][\/vc_row][vc_row][vc_column][vc_column_text]<\/p>\n<div id=\"blockColorblindContent\"><\/div>\n<p>[\/vc_column_text][\/vc_column][\/vc_row]<\/p>\n\n<div style=\"display: block !important; margin:0 !important; padding: 0 !important\" id=\"wpp_popup_post_end_element\"><\/div>","protected":false},"excerpt":{"rendered":"<p>[vc_row css=&#8221;.vc_custom_1489587144655{padding-top: 90px !important;padding-bottom: 0px !important;}&#8221;][vc_column width=&#8221;1\/2&#8243;][\/vc_column][vc_column width=&#8221;1\/2&#8243;][\/vc_column][\/vc_row][vc_row css=&#8221;.vc_custom_1489587144655{padding-top: 90px !important;padding-bottom: 0px !important;}&#8221;][vc_column width=&#8221;1\/2&#8243;][\/vc_column][vc_column width=&#8221;1\/2&#8243;][\/vc_column][\/vc_row][vc_row 0=&#8221;&#8221;][vc_column 0=&#8221;&#8221; width=&#8221;1\/2&#8243;][\/vc_column][\/vc_row][vc_row][vc_column][vc_column_text] [\/vc_column_text][\/vc_column][\/vc_row]<\/p>\n","protected":false},"author":1,"featured_media":0,"parent":0,"menu_order":0,"comment_status":"closed","ping_status":"closed","template":"page-templates\/template-fullwidth.php","meta":{"footnotes":""},"class_list":["post-1545","page","type-page","status-publish","hentry"],"_links":{"self":[{"href":"https:\/\/central-ilusalong.ee\/fi\/wp-json\/wp\/v2\/pages\/1545","targetHints":{"allow":["GET"]}}],"collection":[{"href":"https:\/\/central-ilusalong.ee\/fi\/wp-json\/wp\/v2\/pages"}],"about":[{"href":"https:\/\/central-ilusalong.ee\/fi\/wp-json\/wp\/v2\/types\/page"}],"author":[{"embeddable":true,"href":"https:\/\/central-ilusalong.ee\/fi\/wp-json\/wp\/v2\/users\/1"}],"replies":[{"embeddable":true,"href":"https:\/\/central-ilusalong.ee\/fi\/wp-json\/wp\/v2\/comments?post=1545"}],"version-history":[{"count":5,"href":"https:\/\/central-ilusalong.ee\/fi\/wp-json\/wp\/v2\/pages\/1545\/revisions"}],"predecessor-version":[{"id":2533,"href":"https:\/\/central-ilusalong.ee\/fi\/wp-json\/wp\/v2\/pages\/1545\/revisions\/2533"}],"wp:attachment":[{"href":"https:\/\/central-ilusalong.ee\/fi\/wp-json\/wp\/v2\/media?parent=1545"}],"curies":[{"name":"wp","href":"https:\/\/api.w.org\/{rel}","templated":true}]}}