{"id":1542,"date":"2017-03-29T10:51:55","date_gmt":"2017-03-29T07:51:55","guid":{"rendered":"http:\/\/central-ilusalong.ee.klient.veebimajutus.ee\/?page_id=1542\/"},"modified":"2019-09-05T13:16:30","modified_gmt":"2019-09-05T10:16:30","slug":"meista","status":"publish","type":"page","link":"https:\/\/central-ilusalong.ee\/fi\/meista\/","title":{"rendered":"Meist\u00e4"},"content":{"rendered":"<p>[vc_row css=&#8221;.vc_custom_1490601990775{padding-top: 50px !important;padding-bottom: 50px !important;}&#8221;][vc_column 0=&#8221;&#8221;][vc_column_text 0=&#8221;&#8221;]<\/p>\n<h1>Kauneussalonki Central Ilusalong<\/h1>\n<div class=\"small-border \"><\/div>\n<p style=\"text-align: center;\">Kauneussalonki Central Ilusalong on toiminut Tallinnassa jo vuodesta 1998 l\u00e4htien. Uudistettu ja nykyaikainen kauneussalonki sijaitsee Park Inn by Radisson Central Hotell Tallinn 1. kerroksessa.<\/p>\n<p style=\"text-align: center;\">Kauneussalonkimme on tarkoitettu ihmisille, jotka arvostavat kauneutta, palvelun korkeaa laatua ja loistavaa palvelua.<br \/>\nJokainen asiakas on meille ainutlaatuinen ja poikkeuksellinen \u2013 haluamme tarjota h\u00e4nelle vain parasta!<\/p>\n<p style=\"text-align: center;\">Meid\u00e4n tavoitteemme on tarjota korkealaatuista kauneuspalvelua ja viihtyis\u00e4\u00e4 ilmapiiri\u00e4, jotta sek\u00e4 asiakkaat ett\u00e4 ty\u00f6ntekij\u00e4t tuntisivat aina olevansa tervetulleita, tarpeellisia ja huoliteltuja.<\/p>\n<p style=\"text-align: center;\">Kauneussalonki tarjoaa laajan valikoiman ammattimaisia kauneuspalveluita. Ty\u00f6ntekij\u00e4mme antavat kauneudelle uuden merkityksen \u2013 kampaajat hemmottelevat Teid\u00e4n hiuksianne <strong>L&#8217;Or\u00e9al Professionnel Paris<\/strong> &#8211; ja <strong>K\u00e9rastase<\/strong>-ammattilaissarjojen tuotteilla ja kosmetologit k\u00e4ytt\u00e4v\u00e4t asiakkaiden suosikkituotesarjoja\u00a0<strong>Acad\u00e9mie Scientifique de Beaut\u00e9,\u00a0<\/strong><strong>pHformula<\/strong>, <strong>Anesi<\/strong> ja <strong>Forlle`d<\/strong>.<\/p>\n<p style=\"text-align: center;\"><b>Sallikaa meid\u00e4n hemmotella Teit\u00e4 ylellisill\u00e4 hoidoilla!<br \/>\nTervetuloa kauneussalonkiin Central Ilusalong!<br \/>\n<\/b><\/p>\n<p>[\/vc_column_text][\/vc_column][\/vc_row][vc_row 0=&#8221;&#8221;][vc_column 0=&#8221;&#8221;][vc_column_text 0=&#8221;&#8221;]<style id=\"bwg-style-0\">    #bwg_container1_0 #bwg_container2_0 .bwg-container-0.bwg-standard-thumbnails {      width: 1104px;              justify-content: center;        margin:0 auto !important;              background-color: rgba(255, 255, 255, 0.00);            padding-left: 4px;      padding-top: 4px;      max-width: 100%;            }        #bwg_container1_0 #bwg_container2_0 .bwg-container-0.bwg-standard-thumbnails .bwg-item {    justify-content: flex-start;      max-width: 220px;          }    #bwg_container1_0 #bwg_container2_0 .bwg-container-0.bwg-standard-thumbnails .bwg-item a {       margin-right: 4px;       margin-bottom: 4px;    }    #bwg_container1_0 #bwg_container2_0 .bwg-container-0.bwg-standard-thumbnails .bwg-item0 {      padding: 0px;            background-color:rgba(255,255,255, 0.30);      border: 0px none #CCCCCC;      opacity: 1.00;      border-radius: 0;      box-shadow: 0px 0px 0px #888888;    }    #bwg_container1_0 #bwg_container2_0 .bwg-container-0.bwg-standard-thumbnails .bwg-item1 img {      max-height: none;      max-width: none;      padding: 0 !important;    }        @media only screen and (min-width: 480px) {      #bwg_container1_0 #bwg_container2_0 .bwg-container-0.bwg-standard-thumbnails .bwg-item0 {        transition: all 0.3s ease 0s;-webkit-transition: all 0.3s ease 0s;      }      #bwg_container1_0 #bwg_container2_0 .bwg-container-0.bwg-standard-thumbnails .bwg-item0:hover {        -ms-transform: scale(1.1);        -webkit-transform: scale(1.1);        transform: scale(1.1);      }    }          #bwg_container1_0 #bwg_container2_0 .bwg-container-0.bwg-standard-thumbnails .bwg-item1 {      padding-top: 68.1818181818%;    }        #bwg_container1_0 #bwg_container2_0 .bwg-container-0.bwg-standard-thumbnails .bwg-title2,    #bwg_container1_0 #bwg_container2_0 .bwg-container-0.bwg-standard-thumbnails .bwg-ecommerce2 {      color: #CCCCCC;      font-family: segoe ui;      font-size: 16px;      font-weight: bold;      padding: 2px;      text-shadow: 0px 0px 0px #888888;      max-height: 100%;    }    #bwg_container1_0 #bwg_container2_0 .bwg-container-0.bwg-standard-thumbnails .bwg-thumb-description span {    color: #323A45;    font-family: Ubuntu;    font-size: 12px;    max-height: 100%;    word-wrap: break-word;    }    #bwg_container1_0 #bwg_container2_0 .bwg-container-0.bwg-standard-thumbnails .bwg-play-icon2 {      font-size: 32px;    }    #bwg_container1_0 #bwg_container2_0 .bwg-container-0.bwg-standard-thumbnails .bwg-ecommerce2 {      font-size: 19.2px;      color: #CCCCCC;    }    <\/style>    <div id=\"bwg_container1_0\"         class=\"bwg_container bwg_thumbnail bwg_thumbnails \"         data-right-click-protection=\"0\"         data-bwg=\"0\"         data-scroll=\"0\"         data-gallery-type=\"thumbnails\"         data-gallery-view-type=\"thumbnails\"         data-current-url=\"\/fi\/wp-json\/wp\/v2\/pages\/1542\"         data-lightbox-url=\"https:\/\/central-ilusalong.ee\/wp-admin\/admin-ajax.php?action=GalleryBox&#038;current_view=0&#038;gallery_id=1&#038;tag=0&#038;theme_id=1&#038;shortcode_id=2&#038;sort_by=order&#038;order_by=asc&#038;current_url=%2Ffi%2Fwp-json%2Fwp%2Fv2%2Fpages%2F1542\"         data-gallery-id=\"1\"         data-popup-width=\"800\"         data-popup-height=\"500\"         data-is-album=\"gallery\"         data-buttons-position=\"bottom\">      <div id=\"bwg_container2_0\">             <div id=\"ajax_loading_0\" class=\"bwg_loading_div_1\">      <div class=\"bwg_loading_div_2\">        <div class=\"bwg_loading_div_3\">          <div id=\"loading_div_0\" class=\"bwg_spider_ajax_loading\">          <\/div>        <\/div>      <\/div>    <\/div>            <form id=\"gal_front_form_0\"              class=\"bwg-hidden\"              method=\"post\"              action=\"#\"              data-current=\"0\"              data-shortcode-id=\"2\"              data-gallery-type=\"thumbnails\"              data-gallery-id=\"1\"              data-tag=\"0\"              data-album-id=\"0\"              data-theme-id=\"1\"              data-ajax-url=\"https:\/\/central-ilusalong.ee\/wp-admin\/admin-ajax.php?action=bwg_frontend_data\">          <div id=\"bwg_container3_0\" class=\"bwg-background bwg-background-0\">                <div data-max-count=\"5\"         data-thumbnail-width=\"220\"         data-bwg=\"0\"         data-gallery-id=\"1\"         data-lightbox-url=\"https:\/\/central-ilusalong.ee\/wp-admin\/admin-ajax.php?action=GalleryBox&amp;current_view=0&amp;gallery_id=1&amp;tag=0&amp;theme_id=1&amp;shortcode_id=2&amp;sort_by=order&amp;order_by=asc&amp;current_url=%2Ffi%2Fwp-json%2Fwp%2Fv2%2Fpages%2F1542\"         id=\"bwg_thumbnails_0\"         class=\"bwg-container-0 bwg-thumbnails bwg-standard-thumbnails bwg-container bwg-border-box\">            <div class=\"bwg-item\">        <a class=\"bwg-a  bwg_lightbox\"  data-image-id=\"5\" href=\"https:\/\/www.central-ilusalong.ee\/wp-content\/uploads\/photo-gallery\/Central_Ilusalong\/Center_ilusalong_-_001.jpg\" data-elementor-open-lightbox=\"no\">                <div class=\"bwg-item0 \">          <div class=\"bwg-item1 \">            <div class=\"bwg-item2\">              <img decoding=\"async\" class=\"skip-lazy bwg_standart_thumb_img_0 \"                   data-id=\"5\"                   data-width=\"\"                   data-height=\"\"                   data-src=\"https:\/\/www.central-ilusalong.ee\/wp-content\/uploads\/photo-gallery\/Central_Ilusalong\/thumb\/Center_ilusalong_-_001.jpg\"                   src=\"https:\/\/www.central-ilusalong.ee\/wp-content\/uploads\/photo-gallery\/Central_Ilusalong\/thumb\/Center_ilusalong_-_001.jpg\"                   alt=\"Center ilusalong - 001\"                   title=\"Center ilusalong - 001\" \/>            <\/div>            <div class=\"\">                                                      <\/div>          <\/div>        <\/div>                        <\/a>              <\/div>            <div class=\"bwg-item\">        <a class=\"bwg-a  bwg_lightbox\"  data-image-id=\"4\" href=\"https:\/\/www.central-ilusalong.ee\/wp-content\/uploads\/photo-gallery\/Central_Ilusalong\/Center_ilusalong_-_002.jpg\" data-elementor-open-lightbox=\"no\">                <div class=\"bwg-item0 \">          <div class=\"bwg-item1 \">            <div class=\"bwg-item2\">              <img decoding=\"async\" class=\"skip-lazy bwg_standart_thumb_img_0 \"                   data-id=\"4\"                   data-width=\"\"                   data-height=\"\"                   data-src=\"https:\/\/www.central-ilusalong.ee\/wp-content\/uploads\/photo-gallery\/Central_Ilusalong\/thumb\/Center_ilusalong_-_002.jpg\"                   src=\"https:\/\/www.central-ilusalong.ee\/wp-content\/uploads\/photo-gallery\/Central_Ilusalong\/thumb\/Center_ilusalong_-_002.jpg\"                   alt=\"Center ilusalong - 002\"                   title=\"Center ilusalong - 002\" \/>            <\/div>            <div class=\"\">                                                      <\/div>          <\/div>        <\/div>                        <\/a>              <\/div>            <div class=\"bwg-item\">        <a class=\"bwg-a  bwg_lightbox\"  data-image-id=\"3\" href=\"https:\/\/www.central-ilusalong.ee\/wp-content\/uploads\/photo-gallery\/Central_Ilusalong\/Center_ilusalong_-_005.jpg\" data-elementor-open-lightbox=\"no\">                <div class=\"bwg-item0 \">          <div class=\"bwg-item1 \">            <div class=\"bwg-item2\">              <img decoding=\"async\" class=\"skip-lazy bwg_standart_thumb_img_0 \"                   data-id=\"3\"                   data-width=\"\"                   data-height=\"\"                   data-src=\"https:\/\/www.central-ilusalong.ee\/wp-content\/uploads\/photo-gallery\/Central_Ilusalong\/thumb\/Center_ilusalong_-_005.jpg\"                   src=\"https:\/\/www.central-ilusalong.ee\/wp-content\/uploads\/photo-gallery\/Central_Ilusalong\/thumb\/Center_ilusalong_-_005.jpg\"                   alt=\"Center ilusalong - 005\"                   title=\"Center ilusalong - 005\" \/>            <\/div>            <div class=\"\">                                                      <\/div>          <\/div>        <\/div>                        <\/a>              <\/div>            <div class=\"bwg-item\">        <a class=\"bwg-a  bwg_lightbox\"  data-image-id=\"2\" href=\"https:\/\/www.central-ilusalong.ee\/wp-content\/uploads\/photo-gallery\/Central_Ilusalong\/Center_ilusalong_-_004.jpg\" data-elementor-open-lightbox=\"no\">                <div class=\"bwg-item0 \">          <div class=\"bwg-item1 \">            <div class=\"bwg-item2\">              <img decoding=\"async\" class=\"skip-lazy bwg_standart_thumb_img_0 \"                   data-id=\"2\"                   data-width=\"\"                   data-height=\"\"                   data-src=\"https:\/\/www.central-ilusalong.ee\/wp-content\/uploads\/photo-gallery\/Central_Ilusalong\/thumb\/Center_ilusalong_-_004.jpg\"                   src=\"https:\/\/www.central-ilusalong.ee\/wp-content\/uploads\/photo-gallery\/Central_Ilusalong\/thumb\/Center_ilusalong_-_004.jpg\"                   alt=\"Center ilusalong - 004\"                   title=\"Center ilusalong - 004\" \/>            <\/div>            <div class=\"\">                                                      <\/div>          <\/div>        <\/div>                        <\/a>              <\/div>            <div class=\"bwg-item\">        <a class=\"bwg-a  bwg_lightbox\"  data-image-id=\"1\" href=\"https:\/\/www.central-ilusalong.ee\/wp-content\/uploads\/photo-gallery\/Central_Ilusalong\/Center_ilusalong_-_008.jpg\" data-elementor-open-lightbox=\"no\">                <div class=\"bwg-item0 \">          <div class=\"bwg-item1 \">            <div class=\"bwg-item2\">              <img decoding=\"async\" class=\"skip-lazy bwg_standart_thumb_img_0 \"                   data-id=\"1\"                   data-width=\"\"                   data-height=\"\"                   data-src=\"https:\/\/www.central-ilusalong.ee\/wp-content\/uploads\/photo-gallery\/Central_Ilusalong\/thumb\/Center_ilusalong_-_008.jpg\"                   src=\"https:\/\/www.central-ilusalong.ee\/wp-content\/uploads\/photo-gallery\/Central_Ilusalong\/thumb\/Center_ilusalong_-_008.jpg\"                   alt=\"Center ilusalong - 008\"                   title=\"Center ilusalong - 008\" \/>            <\/div>            <div class=\"\">                                                      <\/div>          <\/div>        <\/div>                        <\/a>              <\/div>          <\/div>    <style>      \/*pagination styles*\/      #bwg_container1_0 #bwg_container2_0 .tablenav-pages_0 {\t\t\t\ttext-align: center;\t\t\t\tfont-size: 12px;\t\t\t\tfont-family: segoe ui;\t\t\t\tfont-weight: bold;\t\t\t\tcolor: #666666;\t\t\t\tmargin: 6px 0 4px;\t\t\t\tdisplay: block;      }      @media only screen and (max-width : 320px) {      #bwg_container1_0 #bwg_container2_0 .displaying-num_0 {     \t display: none;      }      }      #bwg_container1_0 #bwg_container2_0 .displaying-num_0 {\t\t\t\tfont-size: 12px;\t\t\t\tfont-family: segoe ui;\t\t\t\tfont-weight: bold;\t\t\t\tcolor: #666666;\t\t\t\tmargin-right: 10px;\t\t\t\tvertical-align: middle;      }      #bwg_container1_0 #bwg_container2_0 .paging-input_0 {\t\t\t\tfont-size: 12px;\t\t\t\tfont-family: segoe ui;\t\t\t\tfont-weight: bold;\t\t\t\tcolor: #666666;\t\t\t\tvertical-align: middle;      }      #bwg_container1_0 #bwg_container2_0 .tablenav-pages_0 a.disabled,      #bwg_container1_0 #bwg_container2_0 .tablenav-pages_0 a.disabled:hover,      #bwg_container1_0 #bwg_container2_0 .tablenav-pages_0 a.disabled:focus,\t\t\t#bwg_container1_0 #bwg_container2_0 .tablenav-pages_0 input.bwg_current_page {\t\t\t\tcursor: default;\t\t\t\tcolor: rgba(102, 102, 102, 0.5);      }      #bwg_container1_0 #bwg_container2_0 .tablenav-pages_0 a,      #bwg_container1_0 #bwg_container2_0 .tablenav-pages_0 input.bwg_current_page {\t\t\t\tcursor: pointer;\t\t\t\ttext-align: center;\t\t\t\tfont-size: 12px;\t\t\t\tfont-family: segoe ui;\t\t\t\tfont-weight: bold;\t\t\t\tcolor: #666666;\t\t\t\ttext-decoration: none;\t\t\t\tpadding: 3px 6px;\t\t\t\tmargin: 0;\t\t\t\tborder-radius: 0;\t\t\t\tborder-style: solid;\t\t\t\tborder-width: 1px;\t\t\t\tborder-color: #E3E3E3;\t\t\t\t\t\t\t\tbackground-color: rgba(255, 255, 255, 1.00);\t\t\t\tbox-shadow: 0;\t\t\t\ttransition: all 0.3s ease 0s;-webkit-transition: all 0.3s ease 0s;      }      <\/style>      <span class=\"bwg_nav_cont_0\">              <div class=\"tablenav-pages_0\">                  <\/div>                <input type=\"hidden\" id=\"page_number_0\" name=\"page_number_0\" value=\"1\" \/>      <script type=\"text\/javascript\">        if( jQuery('.bwg_nav_cont_0').length > 1 ) {          jQuery('.bwg_nav_cont_0').first().remove()        }        function spider_page_0(cur, x, y, load_more) {          if (typeof load_more == \"undefined\") {            var load_more = false;          }          if (jQuery(cur).hasClass('disabled')) {            return false;          }          var items_county_0 = 1;          switch (y) {            case 1:              if (x >= items_county_0) {                document.getElementById('page_number_0').value = items_county_0;              }              else {                document.getElementById('page_number_0').value = x + 1;              }              break;            case 2:              document.getElementById('page_number_0').value = items_county_0;              break;            case -1:              if (x == 1) {                document.getElementById('page_number_0').value = 1;              }              else {                document.getElementById('page_number_0').value = x - 1;              }              break;            case -2:              document.getElementById('page_number_0').value = 1;              break;\t\t\t\t\t\tcase 0:              document.getElementById('page_number_0').value = x;              break;            default:              document.getElementById('page_number_0').value = 1;          }          bwg_ajax('gal_front_form_0', '0', 'bwg_thumbnails_0', '0', '', 'gallery', 0, '', '', load_more, '', 1);        }                    jQuery('.first-page-0').on('click', function () {              spider_page_0(this, 1, -2, 'numeric');              return false;            });            jQuery('.prev-page-0').on('click', function () {              spider_page_0(this, 1, -1, 'numeric');              return false;            });            jQuery('.next-page-0').on('click', function () {              spider_page_0(this, 1, 1, 'numeric');              return false;            });            jQuery('.last-page-0').on('click', function () {              spider_page_0(this, 1, 2, 'numeric');              return false;            });        \t\t\t\t\/* Change page on input enter. *\/        function bwg_change_page_0( e, that ) {          if (  e.key == 'Enter' ) {            var to_page = parseInt(jQuery(that).val());            var pages_count = jQuery(that).parents(\".pagination-links\").data(\"pages-count\");            var current_url_param = jQuery(that).attr('data-url-info');            if (to_page > pages_count) {              to_page = 1;            }\t \t\t\t\t\t\t\t\t\t\t\t\tspider_page_0(this, to_page, 0, 'numeric');\t\t\t\t\t\t\treturn false;\t\t\t\t\t\t          }          return true;        }        jQuery('.bwg_load_btn_0').on('click', function () {            spider_page_0(this, 1, 1, true);            return false;        });      <\/script>      <\/span>                <\/div>        <\/form>        <style>          #bwg_container1_0 #bwg_container2_0 #spider_popup_overlay_0 {          background-color: #000000;          opacity: 0.70;          }          <\/style>        <div id=\"bwg_spider_popup_loading_0\" class=\"bwg_spider_popup_loading\"><\/div>        <div id=\"spider_popup_overlay_0\" class=\"spider_popup_overlay\" onclick=\"spider_destroypopup(1000)\"><\/div>        <input type=\"hidden\" id=\"bwg_random_seed_0\" value=\"1228308953\">                <\/div>    <\/div>    <script>      if (document.readyState === 'complete') {        if( typeof bwg_main_ready == 'function' ) {          if ( jQuery(\"#bwg_container1_0\").height() ) {            bwg_main_ready(jQuery(\"#bwg_container1_0\"));          }        }      } else {        document.addEventListener('DOMContentLoaded', function() {          if( typeof bwg_main_ready == 'function' ) {            if ( jQuery(\"#bwg_container1_0\").height() ) {             bwg_main_ready(jQuery(\"#bwg_container1_0\"));            }          }        });      }    <\/script>    <\/p>\n<p>[\/vc_column_text][\/vc_column][\/vc_row][vc_row css=&#8221;.vc_custom_1490607644722{padding-bottom: 30px !important;}&#8221;][vc_column 0=&#8221;&#8221;][vc_column_text 0=&#8221;&#8221;]    \t<script>\r\n\t\/*\r\n *  Initialize the slider\r\n *\/\r\n\r\n\t\tjQuery(document).ready(function($){ \r\n\t\t\tjQuery(\"#wpaft-logo-slider-default\").owlCarousel({\r\n\t\t\t\titems: \t\t\t\tNumber(wpaft.items),\r\n\t\t\t\tslideSpeed: \t\tNumber(wpaft.slide_speed),\r\n\t\t\t\tpaginationSpeed: \tNumber(wpaft.pagination_speed),\r\n\t\t\t\trewindSpeed: \t\tNumber(wpaft.rewind_speed),\r\n\t\t\t\tsingleItem: \t\tBoolean('1' == wpaft.single_item),\r\n\t\t\t\tautoPlay: \t\t\tBoolean('1' == wpaft.auto_play),\r\n\t\t\t\tstopOnHover: \t\tBoolean('1' == wpaft.stop_on_hover),\r\n\t\t\t\tnavigation: \t\tBoolean('1' == wpaft.navigation),\r\n\t\t\t\tpagination: \t\tBoolean('1' == wpaft.pagination),\r\n\t\t\t\tresponsive: \t\tBoolean('1' == wpaft.responsive)\r\n\t\t\t});\r\n\t\t});\r\n\t<\/script>\r\n\t<div id=\"wpaft-logo-slider-default\" class=\"owl-carousel\">\r\n\t\t\r\n\t<div class=\"logo-container\">\r\n\t\t\t<img loading=\"lazy\" decoding=\"async\" width=\"200\" height=\"120\" src=\"https:\/\/www.central-ilusalong.ee\/wp-content\/uploads\/2017\/03\/pHformula.png\" class=\"attachment-full size-full wp-post-image\" alt=\"\" \/>\t\t\t\t\t\r\n\t<\/div>\r\n\t\t\r\n\t<div class=\"logo-container\">\r\n\t\t\t<img loading=\"lazy\" decoding=\"async\" width=\"200\" height=\"120\" src=\"https:\/\/www.central-ilusalong.ee\/wp-content\/uploads\/2017\/03\/Forlled.png\" class=\"attachment-full size-full wp-post-image\" alt=\"\" \/>\t\t\t\t\t\r\n\t<\/div>\r\n\t\t\r\n\t<div class=\"logo-container\">\r\n\t\t\t<img loading=\"lazy\" decoding=\"async\" width=\"200\" height=\"120\" src=\"https:\/\/www.central-ilusalong.ee\/wp-content\/uploads\/2017\/03\/Loreal.png\" class=\"attachment-full size-full wp-post-image\" alt=\"\" \/>\t\t\t\t\t\r\n\t<\/div>\r\n\t\t\r\n\t<div class=\"logo-container\">\r\n\t\t\t<img loading=\"lazy\" decoding=\"async\" width=\"200\" height=\"110\" src=\"https:\/\/www.central-ilusalong.ee\/wp-content\/uploads\/2017\/04\/Anesi.png\" class=\"attachment-full size-full wp-post-image\" alt=\"\" \/>\t\t\t\t\t\r\n\t<\/div>\r\n\t\t\r\n\t<div class=\"logo-container\">\r\n\t\t\t<img loading=\"lazy\" decoding=\"async\" width=\"200\" height=\"120\" src=\"https:\/\/www.central-ilusalong.ee\/wp-content\/uploads\/2017\/03\/Kerastase.png\" class=\"attachment-full size-full wp-post-image\" alt=\"\" \/>\t\t\t\t\t\r\n\t<\/div>\r\n\t\t  <\/div>\r\n\t[\/vc_column_text][\/vc_column][\/vc_row]<\/p>\n\n<div style=\"display: block !important; margin:0 !important; padding: 0 !important\" id=\"wpp_popup_post_end_element\"><\/div>","protected":false},"excerpt":{"rendered":"<p>[vc_row css=&#8221;.vc_custom_1490601990775{padding-top: 50px !important;padding-bottom: 50px !important;}&#8221;][vc_column 0=&#8221;&#8221;][vc_column_text 0=&#8221;&#8221;] Kauneussalonki Central Ilusalong Kauneussalonki Central Ilusalong on toiminut Tallinnassa jo vuodesta 1998 l\u00e4htien. Uudistettu ja nykyaikainen kauneussalonki sijaitsee Park Inn by Radisson Central Hotell Tallinn 1. kerroksessa. Kauneussalonkimme on tarkoitettu ihmisille, jotka arvostavat kauneutta, palvelun korkeaa laatua ja loistavaa palvelua. Jokainen asiakas on meille ainutlaatuinen ja poikkeuksellinen [&hellip;]<\/p>\n","protected":false},"author":1,"featured_media":0,"parent":0,"menu_order":0,"comment_status":"closed","ping_status":"closed","template":"page-templates\/template-fullwidth.php","meta":{"footnotes":""},"class_list":["post-1542","page","type-page","status-publish","hentry"],"_links":{"self":[{"href":"https:\/\/central-ilusalong.ee\/fi\/wp-json\/wp\/v2\/pages\/1542","targetHints":{"allow":["GET"]}}],"collection":[{"href":"https:\/\/central-ilusalong.ee\/fi\/wp-json\/wp\/v2\/pages"}],"about":[{"href":"https:\/\/central-ilusalong.ee\/fi\/wp-json\/wp\/v2\/types\/page"}],"author":[{"embeddable":true,"href":"https:\/\/central-ilusalong.ee\/fi\/wp-json\/wp\/v2\/users\/1"}],"replies":[{"embeddable":true,"href":"https:\/\/central-ilusalong.ee\/fi\/wp-json\/wp\/v2\/comments?post=1542"}],"version-history":[{"count":5,"href":"https:\/\/central-ilusalong.ee\/fi\/wp-json\/wp\/v2\/pages\/1542\/revisions"}],"predecessor-version":[{"id":2443,"href":"https:\/\/central-ilusalong.ee\/fi\/wp-json\/wp\/v2\/pages\/1542\/revisions\/2443"}],"wp:attachment":[{"href":"https:\/\/central-ilusalong.ee\/fi\/wp-json\/wp\/v2\/media?parent=1542"}],"curies":[{"name":"wp","href":"https:\/\/api.w.org\/{rel}","templated":true}]}}