{"id":2504,"date":"2020-05-21T12:09:51","date_gmt":"2020-05-21T09:09:51","guid":{"rendered":"http:\/\/central-ilusalong.ee\/treatments-and-pricelist\/pusimeik\/"},"modified":"2020-07-30T16:31:51","modified_gmt":"2020-07-30T13:31:51","slug":"pusimeik","status":"publish","type":"page","link":"https:\/\/central-ilusalong.ee\/en\/treatments-and-pricelist\/pusimeik\/","title":{"rendered":"P\u00fcsimeik"},"content":{"rendered":"<p>[vc_row css=&#8221;.vc_custom_1589995192543{padding-top: 90px !important;}&#8221;][vc_column offset=&#8221;vc_col-lg-offset-3 vc_col-lg-6 vc_col-md-offset-3 vc_col-md-6&#8243;][vc_column_text 0=&#8221;&#8221;]<\/p>\n<h2 style=\"text-align: center;\">KULMUD<\/h2>\n<h4 style=\"text-align: center;\">\u0411\u0440\u043e\u0432\u0438<\/h4>\n<p>[\/vc_column_text]\n\t<div class=\"sub-item-service\">\n        <div class=\"c1\">Tugev varjutus<\/div>\n        <div class=\"c2\"><\/div>\n        <div class=\"c3\">175\u20ac<\/div>\n    <\/div>\n\n\n\t<div class=\"sub-item-service\">\n        <div class=\"c1\">Akvarelltehnika<\/div>\n        <div class=\"c2\"><\/div>\n        <div class=\"c3\">150\u20ac<\/div>\n    <\/div>\n\n\n\t<div class=\"sub-item-service\">\n        <div class=\"c1\">Segatehnika: varjutus ja karvakesed<\/div>\n        <div class=\"c2\"><\/div>\n        <div class=\"c3\">220\u20ac<\/div>\n    <\/div>\n\n[vc_column_text css=&#8221;.vc_custom_1590051375975{padding-top: 10px !important;}&#8221;]<\/p>\n<h2 style=\"text-align: center;\">SILMAD<\/h2>\n<h4 style=\"text-align: center;\">\u0413\u043b\u0430\u0437\u0430<\/h4>\n<div id=\"blockColorblindContent\"><\/div>\n<p>[\/vc_column_text]\n\t<div class=\"sub-item-service\">\n        <div class=\"c1\">Klassikaline kontuur laineri efektiga<\/div>\n        <div class=\"c2\"><\/div>\n        <div class=\"c3\">175\u20ac<\/div>\n    <\/div>\n\n\n\t<div class=\"sub-item-service\">\n        <div class=\"c1\">Ripsmete vahe v\u00e4rviga t\u00e4itmine<\/div>\n        <div class=\"c2\"><\/div>\n        <div class=\"c3\">110\u20ac<\/div>\n    <\/div>\n\n\n\t<div class=\"sub-item-service\">\n        <div class=\"c1\">Kontuur kerge varjutusega<\/div>\n        <div class=\"c2\"><\/div>\n        <div class=\"c3\">200\u20ac<\/div>\n    <\/div>\n\n\n\t<div class=\"sub-item-service\">\n        <div class=\"c1\">Kontuur kerje varjutusega (alalaugude)<\/div>\n        <div class=\"c2\"><\/div>\n        <div class=\"c3\">90\u20ac<\/div>\n    <\/div>\n\n\n\t<div class=\"sub-item-service\">\n        <div class=\"c1\">V\u00e4rviline kontuur ART<\/div>\n        <div class=\"c2\"><\/div>\n        <div class=\"c3\">225\u20ac<\/div>\n    <\/div>\n\n[vc_column_text css=&#8221;.vc_custom_1596113971444{padding-top: 10px !important;}&#8221;]<\/p>\n<h2 style=\"text-align: center;\">HUULED<\/h2>\n<h4 style=\"text-align: center;\">\u0413\u0443\u0431\u044b<\/h4>\n<div id=\"blockColorblindContent\"><\/div>\n<p>[\/vc_column_text]\n\t<div class=\"sub-item-service\">\n        <div class=\"c1\">Akvarell<\/div>\n        <div class=\"c2\"><\/div>\n        <div class=\"c3\">175\u20ac<\/div>\n    <\/div>\n\n\n\t<div class=\"sub-item-service\">\n        <div class=\"c1\">Kontuur hajutusega<\/div>\n        <div class=\"c2\"><\/div>\n        <div class=\"c3\">200\u20ac<\/div>\n    <\/div>\n\n\n\t<div class=\"sub-item-service\">\n        <div class=\"c1\">\u00dcleni v\u00e4rviga kaetud<\/div>\n        <div class=\"c2\"><\/div>\n        <div class=\"c3\">225\u20ac<\/div>\n    <\/div>\n\n\n\t<div class=\"sub-item-service\">\n        <div class=\"c1\">L\u00e4bipaistva v\u00e4rviga t\u00e4itmine<\/div>\n        <div class=\"c2\"><\/div>\n        <div class=\"c3\">200\u20ac<\/div>\n    <\/div>\n\n\n\t<div class=\"sub-item-service\">\n        <div class=\"c1\">Huulte piirjoonte t\u00e4ielik v\u00e4rviga t\u00e4itmine<\/div>\n        <div class=\"c2\"><\/div>\n        <div class=\"c3\">200\u20ac<\/div>\n    <\/div>\n\n[vc_column_text 0=&#8221;&#8221;]<\/p>\n<h2 style=\"text-align: center;\">MESOTERAAPIA<\/h2>\n<h4 style=\"text-align: center;\">\u041c\u0435\u0437\u043e\u0442\u0435\u0440\u0430\u043f\u0438\u044f<\/h4>\n<div id=\"blockColorblindContent\"><\/div>\n<p>[\/vc_column_text]\n\t<div class=\"sub-item-service\">\n        <div class=\"c1\">PURE SKIN \/ Puhas nahk (rasusele ja probleemsele nahale)<\/div>\n        <div class=\"c2\"><\/div>\n        <div class=\"c3\">65\u20ac<\/div>\n    <\/div>\n\n[vc_column_text]HYDRATION &#8211; deh\u00fcdreeritud, l\u00f5dva ning esmaste vananemise tunnustega naha niisutamine<\/p>\n<div id=\"blockColorblindContent\"><\/div>\n<p>[\/vc_column_text]\n\t<div class=\"sub-item-service\">\n        <div class=\"c1\">HYDRATION<\/div>\n        <div class=\"c2\"><\/div>\n        <div class=\"c3\">65\u20ac<\/div>\n    <\/div>\n\n[vc_column_text]ANTI REDNESS &#8211; mikrotsirkulatsiooni parandamine, rahustav ja veresoonte elastsuse suurendav toime, kuperoosse ja tundliku naha jaoks<\/p>\n<div id=\"blockColorblindContent\"><\/div>\n<p>[\/vc_column_text]\n\t<div class=\"sub-item-service\">\n        <div class=\"c1\">ANTI REDNESS<\/div>\n        <div class=\"c2\"><\/div>\n        <div class=\"c3\">65\u20ac<\/div>\n    <\/div>\n\n\n\t<div class=\"sub-item-service\">\n        <div class=\"c1\">MESOLIFT \/ liftingu efekt - t\u00f5stmine, noorendamine, niisutamine<\/div>\n        <div class=\"c2\"><\/div>\n        <div class=\"c3\">75\u20ac<\/div>\n    <\/div>\n\n\n\t<div class=\"sub-item-service\">\n        <div class=\"c1\">HAIR-Coctail \/ juuksejuurte ravi, kasvu aktiveerimine, struktuuri tugevdamine<\/div>\n        <div class=\"c2\"><\/div>\n        <div class=\"c3\">75\u20ac<\/div>\n    <\/div>\n\n[vc_column_text]ANTI AGE &#8211; vananemisvastane toime, naha elastsuse ja tugevuse suurenemine, antioks\u00fcdantne toime<\/p>\n<div id=\"blockColorblindContent\"><\/div>\n<p>[\/vc_column_text]\n\t<div class=\"sub-item-service\">\n        <div class=\"c1\">ANTI AGE<\/div>\n        <div class=\"c2\"><\/div>\n        <div class=\"c3\">75\u20ac<\/div>\n    <\/div>\n\n[vc_empty_space 0=&#8221;&#8221;][\/vc_column][\/vc_row][vc_row][vc_column][vc_column_text]<\/p>\n<div id=\"blockColorblindContent\"><\/div>\n<div id=\"blockColorblindContent\"><\/div>\n<p>[\/vc_column_text][\/vc_column][\/vc_row]<\/p>\n\n<div style=\"display: block !important; margin:0 !important; padding: 0 !important\" id=\"wpp_popup_post_end_element\"><\/div>","protected":false},"excerpt":{"rendered":"<p>[vc_row css=&#8221;.vc_custom_1589995192543{padding-top: 90px !important;}&#8221;][vc_column offset=&#8221;vc_col-lg-offset-3 vc_col-lg-6 vc_col-md-offset-3 vc_col-md-6&#8243;][vc_column_text 0=&#8221;&#8221;] KULMUD \u0411\u0440\u043e\u0432\u0438 [\/vc_column_text][vc_column_text css=&#8221;.vc_custom_1590051375975{padding-top: 10px !important;}&#8221;] SILMAD \u0413\u043b\u0430\u0437\u0430 [\/vc_column_text][vc_column_text css=&#8221;.vc_custom_1596113971444{padding-top: 10px !important;}&#8221;] HUULED \u0413\u0443\u0431\u044b [\/vc_column_text][vc_column_text 0=&#8221;&#8221;] MESOTERAAPIA \u041c\u0435\u0437\u043e\u0442\u0435\u0440\u0430\u043f\u0438\u044f [\/vc_column_text][vc_column_text]HYDRATION &#8211; deh\u00fcdreeritud, l\u00f5dva ning esmaste vananemise tunnustega naha niisutamine [\/vc_column_text][vc_column_text]ANTI REDNESS &#8211; mikrotsirkulatsiooni parandamine, rahustav ja veresoonte elastsuse suurendav toime, kuperoosse ja tundliku naha jaoks [\/vc_column_text][vc_column_text]ANTI AGE [&hellip;]<\/p>\n","protected":false},"author":2,"featured_media":0,"parent":1555,"menu_order":0,"comment_status":"closed","ping_status":"closed","template":"page-templates\/template-fullwidth.php","meta":{"footnotes":""},"class_list":["post-2504","page","type-page","status-publish","hentry"],"_links":{"self":[{"href":"https:\/\/central-ilusalong.ee\/en\/wp-json\/wp\/v2\/pages\/2504","targetHints":{"allow":["GET"]}}],"collection":[{"href":"https:\/\/central-ilusalong.ee\/en\/wp-json\/wp\/v2\/pages"}],"about":[{"href":"https:\/\/central-ilusalong.ee\/en\/wp-json\/wp\/v2\/types\/page"}],"author":[{"embeddable":true,"href":"https:\/\/central-ilusalong.ee\/en\/wp-json\/wp\/v2\/users\/2"}],"replies":[{"embeddable":true,"href":"https:\/\/central-ilusalong.ee\/en\/wp-json\/wp\/v2\/comments?post=2504"}],"version-history":[{"count":4,"href":"https:\/\/central-ilusalong.ee\/en\/wp-json\/wp\/v2\/pages\/2504\/revisions"}],"predecessor-version":[{"id":2540,"href":"https:\/\/central-ilusalong.ee\/en\/wp-json\/wp\/v2\/pages\/2504\/revisions\/2540"}],"up":[{"embeddable":true,"href":"https:\/\/central-ilusalong.ee\/en\/wp-json\/wp\/v2\/pages\/1555"}],"wp:attachment":[{"href":"https:\/\/central-ilusalong.ee\/en\/wp-json\/wp\/v2\/media?parent=2504"}],"curies":[{"name":"wp","href":"https:\/\/api.w.org\/{rel}","templated":true}]}}